{"id":940,"date":"2023-11-08T09:44:49","date_gmt":"2023-11-08T09:44:49","guid":{"rendered":"http:\/\/3.1.20.229\/?page_id=940"},"modified":"2023-11-10T12:25:15","modified_gmt":"2023-11-10T12:25:15","slug":"varilux","status":"publish","type":"page","link":"https:\/\/www.myspectrum.vn\/vi\/varilux\/","title":{"rendered":"Varilux"},"content":{"rendered":"<div data-elementor-type=\"wp-page\" data-elementor-id=\"940\" class=\"elementor elementor-940\" data-elementor-post-type=\"page\">\n\t\t\t\t\t\t<section class=\"elementor-section elementor-top-section elementor-element elementor-element-724b417 elementor-section-height-min-height elementor-section-items-bottom elementor-section-boxed elementor-section-height-default\" data-id=\"724b417\" data-element_type=\"section\" data-settings=\"{&quot;background_background&quot;:&quot;classic&quot;}\">\n\t\t\t\t\t\t\t<div class=\"elementor-background-overlay\"><\/div>\n\t\t\t\t\t\t\t<div class=\"elementor-container elementor-column-gap-no\">\n\t\t\t\t\t<div class=\"elementor-column elementor-col-100 elementor-top-column elementor-element elementor-element-c013f43\" data-id=\"c013f43\" data-element_type=\"column\">\n\t\t\t<div class=\"elementor-widget-wrap elementor-element-populated\">\n\t\t\t\t\t\t<div class=\"elementor-element elementor-element-c40bc4e elementor-widget elementor-widget-heading\" data-id=\"c40bc4e\" data-element_type=\"widget\" data-widget_type=\"heading.default\">\n\t\t\t\t<div class=\"elementor-widget-container\">\n\t\t\t<h2 class=\"elementor-heading-title elementor-size-default\">Varilux<span style=\"font-size:20px\">\u00ae<\/span><\/h2>\t\t<\/div>\n\t\t\t\t<\/div>\n\t\t\t\t<div class=\"elementor-element elementor-element-5ef72eb elementor-widget elementor-widget-heading\" data-id=\"5ef72eb\" data-element_type=\"widget\" data-widget_type=\"heading.default\">\n\t\t\t\t<div class=\"elementor-widget-container\">\n\t\t\t<h6 class=\"elementor-heading-title elementor-size-default\">T\u1ea6M NH\u00ccN KH\u00d4NG GI\u1edaI H\u1ea0N<\/h6>\t\t<\/div>\n\t\t\t\t<\/div>\n\t\t\t\t\t<\/div>\n\t\t<\/div>\n\t\t\t\t\t<\/div>\n\t\t<\/section>\n\t\t\t\t<section class=\"elementor-section elementor-top-section elementor-element elementor-element-5f58471 elementor-section-boxed elementor-section-height-default elementor-section-height-default\" data-id=\"5f58471\" data-element_type=\"section\">\n\t\t\t\t\t\t<div class=\"elementor-container elementor-column-gap-no\">\n\t\t\t\t\t<div class=\"elementor-column elementor-col-100 elementor-top-column elementor-element elementor-element-c070442\" data-id=\"c070442\" data-element_type=\"column\">\n\t\t\t<div class=\"elementor-widget-wrap elementor-element-populated\">\n\t\t\t\t\t\t<div class=\"elementor-element elementor-element-8dd6882 elementor-widget elementor-widget-heading\" data-id=\"8dd6882\" data-element_type=\"widget\" data-widget_type=\"heading.default\">\n\t\t\t\t<div class=\"elementor-widget-container\">\n\t\t\t<h3 class=\"elementor-heading-title elementor-size-default translation-block\">\u0110i\u1ec1u g\u00ec l\u00e0m cho Varilux tr\u1edf th\u00e0nh th\u01b0\u01a1ng hi\u1ec7u tr\u00f2ng k\u00ednh <span style=\"color:#D5992A\">ti\u00ean ti\u1ebfn s\u1ed1 1<\/span> ?<\/h3>\t\t<\/div>\n\t\t\t\t<\/div>\n\t\t\t\t<div class=\"elementor-element elementor-element-c860930 elementor-widget__width-initial elementor-widget elementor-widget-text-editor\" data-id=\"c860930\" data-element_type=\"widget\" data-widget_type=\"text-editor.default\">\n\t\t\t\t<div class=\"elementor-widget-container\">\n\t\t\t\t\t\t\t<p>T\u1ea7m nh\u00ecn r\u00f5 n\u00e9t \u1edf m\u1ecdi kho\u1ea3ng c\u00e1ch ngay c\u1ea3 trong \u0111i\u1ec1u ki\u1ec7n \u00e1nh s\u00e1ng y\u1ebfu, gi\u00fap lo\u1ea1i b\u1ecf hi\u1ec7n t\u01b0\u1ee3ng m\u1edd, c\u1ea3m gi\u00e1c m\u1ea5t th\u0103ng b\u1eb1ng v\u00e0 c\u00e1c v\u1ea5n \u0111\u1ec1 v\u1ec1 \u00e1nh s\u00e1ng y\u1ebfu \u0111\u00e3 khi\u1ebfn tr\u00f2ng k\u00ednh Varilux tr\u1edf th\u00e0nh tr\u00f2ng k\u00ednh s\u1ed1 1 \u0111\u01b0\u1ee3c c\u00e1c chuy\u00ean gia \u0111o th\u1ecb l\u1ef1c v\u00e0 b\u00e1c s\u0129 nh\u00e3n khoa khuy\u00ean d\u00f9ng.<\/p>\t\t\t\t\t\t<\/div>\n\t\t\t\t<\/div>\n\t\t<div class=\"elementor-element elementor-element-d891273 e-flex e-con-boxed e-con e-parent\" data-id=\"d891273\" data-element_type=\"container\">\n\t\t\t\t\t<div class=\"e-con-inner\">\n\t\t<div class=\"elementor-element elementor-element-3bb5e05 e-flex e-con-boxed e-con e-child\" data-id=\"3bb5e05\" data-element_type=\"container\">\n\t\t\t\t\t<div class=\"e-con-inner\">\n\t\t\t\t<div class=\"elementor-element elementor-element-fa21343 elementor-widget elementor-widget-image\" data-id=\"fa21343\" data-element_type=\"widget\" data-widget_type=\"image.default\">\n\t\t\t\t<div class=\"elementor-widget-container\">\n\t\t\t\t\t\t\t\t\t\t\t\t\t<img decoding=\"async\" width=\"150\" height=\"150\" src=\"https:\/\/www.myspectrum.vn\/wp-content\/uploads\/2023\/11\/Icon-frame-2-150x150.png\" class=\"attachment-thumbnail size-thumbnail wp-image-919\" alt=\"\" srcset=\"https:\/\/www.myspectrum.vn\/wp-content\/uploads\/2023\/11\/Icon-frame-2-150x150.png 150w, https:\/\/www.myspectrum.vn\/wp-content\/uploads\/2023\/11\/Icon-frame-2-300x300.png 300w, https:\/\/www.myspectrum.vn\/wp-content\/uploads\/2023\/11\/Icon-frame-2.png 313w\" sizes=\"(max-width: 150px) 100vw, 150px\" \/>\t\t\t\t\t\t\t\t\t\t\t\t\t<\/div>\n\t\t\t\t<\/div>\n\t\t\t\t<div class=\"elementor-element elementor-element-b54e28e elementor-invisible elementor-widget elementor-widget-heading\" data-id=\"b54e28e\" data-element_type=\"widget\" data-settings=\"{&quot;_animation&quot;:&quot;fadeInUp&quot;}\" data-widget_type=\"heading.default\">\n\t\t\t\t<div class=\"elementor-widget-container\">\n\t\t\t<h6 class=\"elementor-heading-title elementor-size-default\">T\u1ea6M NH\u00ccN S\u1eaeC N\u00c9T<\/h6>\t\t<\/div>\n\t\t\t\t<\/div>\n\t\t\t\t\t<\/div>\n\t\t\t\t<\/div>\n\t\t<div class=\"elementor-element elementor-element-128130b e-flex e-con-boxed e-con e-child\" data-id=\"128130b\" data-element_type=\"container\">\n\t\t\t\t\t<div class=\"e-con-inner\">\n\t\t\t\t<div class=\"elementor-element elementor-element-98f7d67 elementor-widget elementor-widget-image\" data-id=\"98f7d67\" data-element_type=\"widget\" data-widget_type=\"image.default\">\n\t\t\t\t<div class=\"elementor-widget-container\">\n\t\t\t\t\t\t\t\t\t\t\t\t\t<img decoding=\"async\" width=\"150\" height=\"150\" src=\"https:\/\/www.myspectrum.vn\/wp-content\/uploads\/2023\/11\/Icon-frame-4-150x150.png\" class=\"attachment-thumbnail size-thumbnail wp-image-942\" alt=\"\" srcset=\"https:\/\/www.myspectrum.vn\/wp-content\/uploads\/2023\/11\/Icon-frame-4-150x150.png 150w, https:\/\/www.myspectrum.vn\/wp-content\/uploads\/2023\/11\/Icon-frame-4-300x300.png 300w, https:\/\/www.myspectrum.vn\/wp-content\/uploads\/2023\/11\/Icon-frame-4.png 312w\" sizes=\"(max-width: 150px) 100vw, 150px\" \/>\t\t\t\t\t\t\t\t\t\t\t\t\t<\/div>\n\t\t\t\t<\/div>\n\t\t\t\t<div class=\"elementor-element elementor-element-030f791 elementor-invisible elementor-widget elementor-widget-heading\" data-id=\"030f791\" data-element_type=\"widget\" data-settings=\"{&quot;_animation&quot;:&quot;fadeInUp&quot;}\" data-widget_type=\"heading.default\">\n\t\t\t\t<div class=\"elementor-widget-container\">\n\t\t\t<h6 class=\"elementor-heading-title elementor-size-default\">CHUY\u1ec2N \u0110\u1ed4I V\u00d9NG NH\u00ccN D\u1ec4 D\u00c0NG T\u1eea G\u1ea6N \u0110\u1ebeN XA<\/h6>\t\t<\/div>\n\t\t\t\t<\/div>\n\t\t\t\t\t<\/div>\n\t\t\t\t<\/div>\n\t\t<div class=\"elementor-element elementor-element-c65b6eb e-flex e-con-boxed e-con e-child\" data-id=\"c65b6eb\" data-element_type=\"container\">\n\t\t\t\t\t<div class=\"e-con-inner\">\n\t\t\t\t<div class=\"elementor-element elementor-element-8453428 elementor-widget elementor-widget-image\" data-id=\"8453428\" data-element_type=\"widget\" data-widget_type=\"image.default\">\n\t\t\t\t<div class=\"elementor-widget-container\">\n\t\t\t\t\t\t\t\t\t\t\t\t\t<img decoding=\"async\" width=\"150\" height=\"150\" src=\"https:\/\/www.myspectrum.vn\/wp-content\/uploads\/2023\/11\/Icon-frame-1-2-150x150.png\" class=\"attachment-thumbnail size-thumbnail wp-image-943\" alt=\"\" srcset=\"https:\/\/www.myspectrum.vn\/wp-content\/uploads\/2023\/11\/Icon-frame-1-2-150x150.png 150w, https:\/\/www.myspectrum.vn\/wp-content\/uploads\/2023\/11\/Icon-frame-1-2-300x300.png 300w, https:\/\/www.myspectrum.vn\/wp-content\/uploads\/2023\/11\/Icon-frame-1-2.png 313w\" sizes=\"(max-width: 150px) 100vw, 150px\" \/>\t\t\t\t\t\t\t\t\t\t\t\t\t<\/div>\n\t\t\t\t<\/div>\n\t\t\t\t<div class=\"elementor-element elementor-element-a2d099c elementor-invisible elementor-widget elementor-widget-heading\" data-id=\"a2d099c\" data-element_type=\"widget\" data-settings=\"{&quot;_animation&quot;:&quot;fadeInUp&quot;}\" data-widget_type=\"heading.default\">\n\t\t\t\t<div class=\"elementor-widget-container\">\n\t\t\t<h6 class=\"elementor-heading-title elementor-size-default\">T\u1ea6M NH\u00ccN \u1ed4N \u0110\u1ecaNH<\/h6>\t\t<\/div>\n\t\t\t\t<\/div>\n\t\t\t\t\t<\/div>\n\t\t\t\t<\/div>\n\t\t\t\t\t<\/div>\n\t\t\t\t<\/div>\n\t\t\t\t\t<\/div>\n\t\t<\/div>\n\t\t\t\t\t<\/div>\n\t\t<\/section>\n\t\t<div class=\"elementor-element elementor-element-0c7476f elementor-hidden-desktop elementor-hidden-tablet elementor-hidden-mobile e-flex e-con-boxed e-con e-parent\" data-id=\"0c7476f\" data-element_type=\"container\">\n\t\t\t\t\t<div class=\"e-con-inner\">\n\t\t<div class=\"elementor-element elementor-element-e67f1a5 e-con-full e-flex e-con e-child\" data-id=\"e67f1a5\" data-element_type=\"container\">\n\t\t\t\t<div class=\"elementor-element elementor-element-7c40392 elementor-widget elementor-widget-image\" data-id=\"7c40392\" data-element_type=\"widget\" data-widget_type=\"image.default\">\n\t\t\t\t<div class=\"elementor-widget-container\">\n\t\t\t\t\t\t\t\t\t\t\t\t\t<img loading=\"lazy\" decoding=\"async\" width=\"542\" height=\"240\" src=\"https:\/\/www.myspectrum.vn\/wp-content\/uploads\/2023\/11\/Varilux-XR-series.png\" class=\"attachment-full size-full wp-image-966\" alt=\"\" srcset=\"https:\/\/www.myspectrum.vn\/wp-content\/uploads\/2023\/11\/Varilux-XR-series.png 542w, https:\/\/www.myspectrum.vn\/wp-content\/uploads\/2023\/11\/Varilux-XR-series-300x133.png 300w\" sizes=\"(max-width: 542px) 100vw, 542px\" \/>\t\t\t\t\t\t\t\t\t\t\t\t\t<\/div>\n\t\t\t\t<\/div>\n\t\t\t\t<div class=\"elementor-element elementor-element-0201373 elementor-widget elementor-widget-heading\" data-id=\"0201373\" data-element_type=\"widget\" data-widget_type=\"heading.default\">\n\t\t\t\t<div class=\"elementor-widget-container\">\n\t\t\t<h6 class=\"elementor-heading-title elementor-size-default\">the best overall progressive lens<\/h6>\t\t<\/div>\n\t\t\t\t<\/div>\n\t\t\t\t<div class=\"elementor-element elementor-element-f7f7611 elementor-widget elementor-widget-text-editor\" data-id=\"f7f7611\" data-element_type=\"widget\" data-widget_type=\"text-editor.default\">\n\t\t\t\t<div class=\"elementor-widget-container\">\n\t\t\t\t\t\t\t<p>Powered by behavioral artificial intelligence for sharp and fluid vision at any distance.<\/p>\t\t\t\t\t\t<\/div>\n\t\t\t\t<\/div>\n\t\t\t\t<\/div>\n\t\t<div class=\"elementor-element elementor-element-5caa199 e-con-full e-flex e-con e-child\" data-id=\"5caa199\" data-element_type=\"container\">\n\t\t\t\t<div class=\"elementor-element elementor-element-e8f7301 elementor-widget elementor-widget-image\" data-id=\"e8f7301\" data-element_type=\"widget\" data-widget_type=\"image.default\">\n\t\t\t\t<div class=\"elementor-widget-container\">\n\t\t\t\t\t\t\t\t\t\t\t\t\t<img decoding=\"async\" src=\"https:\/\/www.myspectrum.vn\/wp-content\/uploads\/2023\/11\/00bd6da1fce86ba6776b2f9fbfbd9440.webm\" title=\"\" alt=\"\" loading=\"lazy\" \/>\t\t\t\t\t\t\t\t\t\t\t\t\t<\/div>\n\t\t\t\t<\/div>\n\t\t\t\t<\/div>\n\t\t\t\t\t<\/div>\n\t\t\t\t<\/div>\n\t\t\t\t<section class=\"elementor-section elementor-top-section elementor-element elementor-element-3ce50ca elementor-section-boxed elementor-section-height-default elementor-section-height-default\" data-id=\"3ce50ca\" data-element_type=\"section\">\n\t\t\t\t\t\t<div class=\"elementor-container elementor-column-gap-no\">\n\t\t\t\t\t<div class=\"elementor-column elementor-col-100 elementor-top-column elementor-element elementor-element-4e2276f\" data-id=\"4e2276f\" data-element_type=\"column\">\n\t\t\t<div class=\"elementor-widget-wrap elementor-element-populated\">\n\t\t\t\t\t\t<div class=\"elementor-element elementor-element-6df4f5c elementor-widget elementor-widget-heading\" data-id=\"6df4f5c\" data-element_type=\"widget\" data-widget_type=\"heading.default\">\n\t\t\t\t<div class=\"elementor-widget-container\">\n\t\t\t<h3 class=\"elementor-heading-title elementor-size-default translation-block\"><span style=\"color:#D5992A\">T\u00ecm tr\u00f2ng k\u00ednh<\/span> Varilux<span style=\"font-size:20px\">\u00ae<\/span> ph\u00f9 h\u1ee3p v\u1edbi b\u1ea1n<\/h3>\t\t<\/div>\n\t\t\t\t<\/div>\n\t\t\t\t<div class=\"elementor-element elementor-element-3d8955f elementor-widget__width-initial elementor-widget elementor-widget-text-editor\" data-id=\"3d8955f\" data-element_type=\"widget\" data-widget_type=\"text-editor.default\">\n\t\t\t\t<div class=\"elementor-widget-container\">\n\t\t\t\t\t\t\t<p>\u0110\u01b0\u1ee3c ph\u00e1t tri\u1ec3n h\u01a1n 25 n\u0103m, nh\u1eefng tr\u00f2ng k\u00ednh k\u1ebft h\u1ee3p c\u00f4ng ngh\u1ec7 mang \u0111\u1ebfn s\u1ef1 ti\u1ec7n l\u1ee3i gi\u00fap d\u1ec5 d\u00e0ng th\u00edch \u1ee9ng v\u1edbi s\u1ef1 thay \u0111\u1ed5i c\u1ee7a \u00e1nh s\u00e1ng v\u00e0 \u0111a d\u1ea1ng phong c\u00e1ch th\u1eddi trang.<\/p>\t\t\t\t\t\t<\/div>\n\t\t\t\t<\/div>\n\t\t<div class=\"elementor-element elementor-element-f6de788 e-flex e-con-boxed e-con e-parent\" data-id=\"f6de788\" data-element_type=\"container\">\n\t\t\t\t\t<div class=\"e-con-inner\">\n\t\t<div class=\"elementor-element elementor-element-0854c98 e-flex e-con-boxed elementor-invisible e-con e-child\" data-id=\"0854c98\" data-element_type=\"container\" data-settings=\"{&quot;animation&quot;:&quot;fadeInUp&quot;}\">\n\t\t\t\t\t<div class=\"e-con-inner\">\n\t\t\t\t<div class=\"elementor-element elementor-element-fa16d8c elementor-widget elementor-widget-image\" data-id=\"fa16d8c\" data-element_type=\"widget\" data-widget_type=\"image.default\">\n\t\t\t\t<div class=\"elementor-widget-container\">\n\t\t\t\t\t\t\t\t\t\t\t\t\t<img loading=\"lazy\" decoding=\"async\" width=\"650\" height=\"800\" src=\"https:\/\/www.myspectrum.vn\/wp-content\/uploads\/2023\/11\/varilux-compare.jpg\" class=\"attachment-large size-large wp-image-949\" alt=\"\" srcset=\"https:\/\/www.myspectrum.vn\/wp-content\/uploads\/2023\/11\/varilux-compare.jpg 650w, https:\/\/www.myspectrum.vn\/wp-content\/uploads\/2023\/11\/varilux-compare-244x300.jpg 244w\" sizes=\"(max-width: 650px) 100vw, 650px\" \/>\t\t\t\t\t\t\t\t\t\t\t\t\t<\/div>\n\t\t\t\t<\/div>\n\t\t\t\t<div class=\"elementor-element elementor-element-29471da elementor-widget elementor-widget-image\" data-id=\"29471da\" data-element_type=\"widget\" data-widget_type=\"image.default\">\n\t\t\t\t<div class=\"elementor-widget-container\">\n\t\t\t\t\t\t\t\t\t\t\t\t\t<img decoding=\"async\" src=\"https:\/\/www.myspectrum.vn\/wp-content\/uploads\/elementor\/thumbs\/Varilux-icon-qfpfbmxz948hf9f12lz5abrgchsqb9yncsxpskeznk.png\" title=\"Varilux-icon\" alt=\"Varilux-icon\" loading=\"lazy\" \/>\t\t\t\t\t\t\t\t\t\t\t\t\t<\/div>\n\t\t\t\t<\/div>\n\t\t\t\t<div class=\"elementor-element elementor-element-afc05f1 elementor-widget elementor-widget-heading\" data-id=\"afc05f1\" data-element_type=\"widget\" data-widget_type=\"heading.default\">\n\t\t\t\t<div class=\"elementor-widget-container\">\n\t\t\t<h6 class=\"elementor-heading-title elementor-size-default\">C\u00d4NG NGH\u1ec6 W.A.V.E 2<\/h6>\t\t<\/div>\n\t\t\t\t<\/div>\n\t\t\t\t\t<\/div>\n\t\t\t\t<\/div>\n\t\t<div class=\"elementor-element elementor-element-fc1f34f e-flex e-con-boxed elementor-invisible e-con e-child\" data-id=\"fc1f34f\" data-element_type=\"container\" data-settings=\"{&quot;animation&quot;:&quot;fadeInUp&quot;,&quot;animation_delay&quot;:100}\">\n\t\t\t\t\t<div class=\"e-con-inner\">\n\t\t\t\t<div class=\"elementor-element elementor-element-1c3e0fe elementor-widget elementor-widget-image\" data-id=\"1c3e0fe\" data-element_type=\"widget\" data-widget_type=\"image.default\">\n\t\t\t\t<div class=\"elementor-widget-container\">\n\t\t\t\t\t\t\t\t\t\t\t\t\t<img loading=\"lazy\" decoding=\"async\" width=\"650\" height=\"800\" src=\"https:\/\/www.myspectrum.vn\/wp-content\/uploads\/2023\/11\/varilux-compare-1.jpg\" class=\"attachment-large size-large wp-image-946\" alt=\"\" srcset=\"https:\/\/www.myspectrum.vn\/wp-content\/uploads\/2023\/11\/varilux-compare-1.jpg 650w, https:\/\/www.myspectrum.vn\/wp-content\/uploads\/2023\/11\/varilux-compare-1-244x300.jpg 244w\" sizes=\"(max-width: 650px) 100vw, 650px\" \/>\t\t\t\t\t\t\t\t\t\t\t\t\t<\/div>\n\t\t\t\t<\/div>\n\t\t\t\t<div class=\"elementor-element elementor-element-4adf043 elementor-widget elementor-widget-image\" data-id=\"4adf043\" data-element_type=\"widget\" data-widget_type=\"image.default\">\n\t\t\t\t<div class=\"elementor-widget-container\">\n\t\t\t\t\t\t\t\t\t\t\t\t\t<img decoding=\"async\" src=\"https:\/\/www.myspectrum.vn\/wp-content\/uploads\/elementor\/thumbs\/Varilux-icon-1-qfpfbgd3x9zh5zol514ravf86sp5te8izwdbfmoqv4.png\" title=\"Varilux-icon-1\" alt=\"Varilux-icon-1\" loading=\"lazy\" \/>\t\t\t\t\t\t\t\t\t\t\t\t\t<\/div>\n\t\t\t\t<\/div>\n\t\t\t\t<div class=\"elementor-element elementor-element-0bc0157 elementor-widget elementor-widget-heading\" data-id=\"0bc0157\" data-element_type=\"widget\" data-widget_type=\"heading.default\">\n\t\t\t\t<div class=\"elementor-widget-container\">\n\t\t\t<h6 class=\"elementor-heading-title elementor-size-default\">C\u00d4NG NGH\u1ec6 EYEZEN FOCUS<\/h6>\t\t<\/div>\n\t\t\t\t<\/div>\n\t\t\t\t\t<\/div>\n\t\t\t\t<\/div>\n\t\t<div class=\"elementor-element elementor-element-3bd83af e-flex e-con-boxed elementor-invisible e-con e-child\" data-id=\"3bd83af\" data-element_type=\"container\" data-settings=\"{&quot;animation&quot;:&quot;fadeInUp&quot;,&quot;animation_delay&quot;:200}\">\n\t\t\t\t\t<div class=\"e-con-inner\">\n\t\t\t\t<div class=\"elementor-element elementor-element-a59d6fc elementor-widget elementor-widget-image\" data-id=\"a59d6fc\" data-element_type=\"widget\" data-widget_type=\"image.default\">\n\t\t\t\t<div class=\"elementor-widget-container\">\n\t\t\t\t\t\t\t\t\t\t\t\t\t<img loading=\"lazy\" decoding=\"async\" width=\"650\" height=\"800\" src=\"https:\/\/www.myspectrum.vn\/wp-content\/uploads\/2023\/11\/varilux-compare-2.jpg\" class=\"attachment-large size-large wp-image-947\" alt=\"\" srcset=\"https:\/\/www.myspectrum.vn\/wp-content\/uploads\/2023\/11\/varilux-compare-2.jpg 650w, https:\/\/www.myspectrum.vn\/wp-content\/uploads\/2023\/11\/varilux-compare-2-244x300.jpg 244w\" sizes=\"(max-width: 650px) 100vw, 650px\" \/>\t\t\t\t\t\t\t\t\t\t\t\t\t<\/div>\n\t\t\t\t<\/div>\n\t\t\t\t<div class=\"elementor-element elementor-element-0a3f667 elementor-widget elementor-widget-image\" data-id=\"0a3f667\" data-element_type=\"widget\" data-widget_type=\"image.default\">\n\t\t\t\t<div class=\"elementor-widget-container\">\n\t\t\t\t\t\t\t\t\t\t\t\t\t<img decoding=\"async\" src=\"https:\/\/www.myspectrum.vn\/wp-content\/uploads\/elementor\/thumbs\/Varilux-icon-2-qfpfbj6mhs3c4tkhokcn0cplyyb9ghjq0abrvgkkcg.png\" title=\"Varilux-icon-2\" alt=\"Varilux-icon-2\" loading=\"lazy\" \/>\t\t\t\t\t\t\t\t\t\t\t\t\t<\/div>\n\t\t\t\t<\/div>\n\t\t\t\t<div class=\"elementor-element elementor-element-330b34e elementor-widget elementor-widget-heading\" data-id=\"330b34e\" data-element_type=\"widget\" data-widget_type=\"heading.default\">\n\t\t\t\t<div class=\"elementor-widget-container\">\n\t\t\t<h6 class=\"elementor-heading-title elementor-size-default\">Blocks 100% UVA &amp; UVB Rays<\/h6>\t\t<\/div>\n\t\t\t\t<\/div>\n\t\t\t\t\t<\/div>\n\t\t\t\t<\/div>\n\t\t<div class=\"elementor-element elementor-element-5f36d76 e-flex e-con-boxed elementor-invisible e-con e-child\" data-id=\"5f36d76\" data-element_type=\"container\" data-settings=\"{&quot;animation&quot;:&quot;fadeInUp&quot;,&quot;animation_delay&quot;:300}\">\n\t\t\t\t\t<div class=\"e-con-inner\">\n\t\t\t\t<div class=\"elementor-element elementor-element-d3b6d0e elementor-widget elementor-widget-image\" data-id=\"d3b6d0e\" data-element_type=\"widget\" data-widget_type=\"image.default\">\n\t\t\t\t<div class=\"elementor-widget-container\">\n\t\t\t\t\t\t\t\t\t\t\t\t\t<img loading=\"lazy\" decoding=\"async\" width=\"650\" height=\"800\" src=\"https:\/\/www.myspectrum.vn\/wp-content\/uploads\/2023\/11\/varilux-compare-3.jpg\" class=\"attachment-large size-large wp-image-948\" alt=\"\" srcset=\"https:\/\/www.myspectrum.vn\/wp-content\/uploads\/2023\/11\/varilux-compare-3.jpg 650w, https:\/\/www.myspectrum.vn\/wp-content\/uploads\/2023\/11\/varilux-compare-3-244x300.jpg 244w\" sizes=\"(max-width: 650px) 100vw, 650px\" \/>\t\t\t\t\t\t\t\t\t\t\t\t\t<\/div>\n\t\t\t\t<\/div>\n\t\t\t\t<div class=\"elementor-element elementor-element-1185f2f elementor-widget elementor-widget-image\" data-id=\"1185f2f\" data-element_type=\"widget\" data-widget_type=\"image.default\">\n\t\t\t\t<div class=\"elementor-widget-container\">\n\t\t\t\t\t\t\t\t\t\t\t\t\t<img decoding=\"async\" src=\"https:\/\/www.myspectrum.vn\/wp-content\/uploads\/elementor\/thumbs\/Varilux-icon-3-qfpfbk4gom4mgfj4j2r9kuh2kc6mo6ngcez9cqj668.png\" title=\"Varilux-icon-3\" alt=\"Varilux-icon-3\" loading=\"lazy\" \/>\t\t\t\t\t\t\t\t\t\t\t\t\t<\/div>\n\t\t\t\t<\/div>\n\t\t\t\t<div class=\"elementor-element elementor-element-9a4e19a elementor-widget elementor-widget-heading\" data-id=\"9a4e19a\" data-element_type=\"widget\" data-widget_type=\"heading.default\">\n\t\t\t\t<div class=\"elementor-widget-container\">\n\t\t\t<h6 class=\"elementor-heading-title elementor-size-default\">L\u1eccC \u00c1NH S\u00c1NG XANH T\u00cdM<\/h6>\t\t<\/div>\n\t\t\t\t<\/div>\n\t\t\t\t\t<\/div>\n\t\t\t\t<\/div>\n\t\t\t\t\t<\/div>\n\t\t\t\t<\/div>\n\t\t\t\t\t<\/div>\n\t\t<\/div>\n\t\t\t\t\t<\/div>\n\t\t<\/section>\n\t\t\t\t<\/div>","protected":false},"excerpt":{"rendered":"<p>Varilux\u00ae See no limits What makes Varilux the #1 progressive lens brand? Sharp vision at every distance-even in dimly lit conditions-that eliminates the blurriness, off balance feeling, and low-light issues of ordinary progressive lenses has made Varilux progressive lenses the #1 lens recommended by optometrists and opticians Sharp Vision Near to far Eliminates off-balance the [&hellip;]<\/p>","protected":false},"author":1,"featured_media":0,"parent":0,"menu_order":0,"comment_status":"closed","ping_status":"closed","template":"","meta":{"_acf_changed":false,"om_disable_all_campaigns":false,"_monsterinsights_skip_tracking":false,"_monsterinsights_sitenote_active":false,"_monsterinsights_sitenote_note":"","_monsterinsights_sitenote_category":0,"site-sidebar-layout":"no-sidebar","site-content-layout":"page-builder","ast-site-content-layout":"full-width-container","site-content-style":"default","site-sidebar-style":"default","ast-global-header-display":"","ast-banner-title-visibility":"","ast-main-header-display":"","ast-hfb-above-header-display":"","ast-hfb-below-header-display":"","ast-hfb-mobile-header-display":"","site-post-title":"disabled","ast-breadcrumbs-content":"","ast-featured-img":"disabled","footer-sml-layout":"","theme-transparent-header-meta":"","adv-header-id-meta":"","stick-header-meta":"","header-above-stick-meta":"","header-main-stick-meta":"","header-below-stick-meta":"","astra-migrate-meta-layouts":"set","ast-page-background-enabled":"default","ast-page-background-meta":{"desktop":{"background-color":"var(--ast-global-color-4)","background-image":"","background-repeat":"repeat","background-position":"center center","background-size":"auto","background-attachment":"scroll","background-type":"","background-media":"","overlay-type":"","overlay-color":"","overlay-opacity":"","overlay-gradient":""},"tablet":{"background-color":"","background-image":"","background-repeat":"repeat","background-position":"center center","background-size":"auto","background-attachment":"scroll","background-type":"","background-media":"","overlay-type":"","overlay-color":"","overlay-opacity":"","overlay-gradient":""},"mobile":{"background-color":"","background-image":"","background-repeat":"repeat","background-position":"center center","background-size":"auto","background-attachment":"scroll","background-type":"","background-media":"","overlay-type":"","overlay-color":"","overlay-opacity":"","overlay-gradient":""}},"ast-content-background-meta":{"desktop":{"background-color":"var(--ast-global-color-5)","background-image":"","background-repeat":"repeat","background-position":"center center","background-size":"auto","background-attachment":"scroll","background-type":"","background-media":"","overlay-type":"","overlay-color":"","overlay-opacity":"","overlay-gradient":""},"tablet":{"background-color":"var(--ast-global-color-5)","background-image":"","background-repeat":"repeat","background-position":"center center","background-size":"auto","background-attachment":"scroll","background-type":"","background-media":"","overlay-type":"","overlay-color":"","overlay-opacity":"","overlay-gradient":""},"mobile":{"background-color":"var(--ast-global-color-5)","background-image":"","background-repeat":"repeat","background-position":"center center","background-size":"auto","background-attachment":"scroll","background-type":"","background-media":"","overlay-type":"","overlay-color":"","overlay-opacity":"","overlay-gradient":""}},"footnotes":""},"class_list":["post-940","page","type-page","status-publish","hentry"],"acf":[],"aioseo_notices":[],"_links":{"self":[{"href":"https:\/\/www.myspectrum.vn\/vi\/wp-json\/wp\/v2\/pages\/940","targetHints":{"allow":["GET"]}}],"collection":[{"href":"https:\/\/www.myspectrum.vn\/vi\/wp-json\/wp\/v2\/pages"}],"about":[{"href":"https:\/\/www.myspectrum.vn\/vi\/wp-json\/wp\/v2\/types\/page"}],"author":[{"embeddable":true,"href":"https:\/\/www.myspectrum.vn\/vi\/wp-json\/wp\/v2\/users\/1"}],"replies":[{"embeddable":true,"href":"https:\/\/www.myspectrum.vn\/vi\/wp-json\/wp\/v2\/comments?post=940"}],"version-history":[{"count":0,"href":"https:\/\/www.myspectrum.vn\/vi\/wp-json\/wp\/v2\/pages\/940\/revisions"}],"wp:attachment":[{"href":"https:\/\/www.myspectrum.vn\/vi\/wp-json\/wp\/v2\/media?parent=940"}],"curies":[{"name":"wp","href":"https:\/\/api.w.org\/{rel}","templated":true}]}}